{"id":229,"date":"2021-05-04T15:08:04","date_gmt":"2021-05-04T13:08:04","guid":{"rendered":"https:\/\/up-bla.be\/ophain-lillois\/?page_id=229"},"modified":"2022-01-08T16:17:00","modified_gmt":"2022-01-08T15:17:00","slug":"contacts","status":"publish","type":"page","link":"https:\/\/up-bla.be\/ophain-lillois\/contacts\/","title":{"rendered":"Contacts"},"content":{"rendered":"\t\t<div data-elementor-type=\"wp-page\" data-elementor-id=\"229\" class=\"elementor elementor-229\">\n\t\t\t\t\t\t\t\t\t<section class=\"elementor-section elementor-top-section elementor-element elementor-element-abfd4f4 elementor-section-boxed elementor-section-height-default elementor-section-height-default\" data-id=\"abfd4f4\" data-element_type=\"section\">\n\t\t\t\t\t\t<div class=\"elementor-container elementor-column-gap-default\">\n\t\t\t\t\t<div class=\"elementor-column elementor-col-50 elementor-top-column elementor-element elementor-element-b666db8\" data-id=\"b666db8\" data-element_type=\"column\">\n\t\t\t<div class=\"elementor-widget-wrap elementor-element-populated\">\n\t\t\t\t\t\t\t\t<div class=\"elementor-element elementor-element-3d633fb elementor-widget elementor-widget-wpforms\" data-id=\"3d633fb\" data-element_type=\"widget\" data-widget_type=\"wpforms.default\">\n\t\t\t\t<div class=\"elementor-widget-container\">\n\t\t\t<div class=\"wpforms-container wpforms-container-full\" id=\"wpforms-412\"><form id=\"wpforms-form-412\" class=\"wpforms-validate wpforms-form\" data-formid=\"412\" method=\"post\" enctype=\"multipart\/form-data\" action=\"\/ophain-lillois\/wp-json\/wp\/v2\/pages\/229\" data-token=\"34c9b84378079afdfceb47156fd24064\" data-token-time=\"1775924609\"><noscript class=\"wpforms-error-noscript\">Veuillez activer JavaScript dans votre navigateur pour remplir ce formulaire.<\/noscript><div class=\"wpforms-field-container\"><div id=\"wpforms-412-field_1-container\" class=\"wpforms-field wpforms-field-name\" data-field-id=\"1\"><label class=\"wpforms-field-label\">Mes coordonn\u00e9es <span class=\"wpforms-required-label\">*<\/span><\/label><div class=\"wpforms-field-row wpforms-field-medium\"><div class=\"wpforms-field-row-block wpforms-first wpforms-one-half\"><input type=\"text\" id=\"wpforms-412-field_1\" class=\"wpforms-field-name-first wpforms-field-required\" name=\"wpforms[fields][1][first]\" required><label for=\"wpforms-412-field_1\" class=\"wpforms-field-sublabel after\">Pr\u00e9nom<\/label><\/div><div class=\"wpforms-field-row-block wpforms-one-half\"><input type=\"text\" id=\"wpforms-412-field_1-last\" class=\"wpforms-field-name-last wpforms-field-required\" name=\"wpforms[fields][1][last]\" required><label for=\"wpforms-412-field_1-last\" class=\"wpforms-field-sublabel after\">Nom<\/label><\/div><\/div><\/div><div id=\"wpforms-412-field_2-container\" class=\"wpforms-field wpforms-field-email\" data-field-id=\"2\"><label class=\"wpforms-field-label\" for=\"wpforms-412-field_2\">E-mail <span class=\"wpforms-required-label\">*<\/span><\/label><input type=\"email\" id=\"wpforms-412-field_2\" class=\"wpforms-field-medium wpforms-field-required\" name=\"wpforms[fields][2]\" spellcheck=\"false\" required><\/div><div id=\"wpforms-412-field_3-container\" class=\"wpforms-field wpforms-field-text\" data-field-id=\"3\"><label class=\"wpforms-field-label\" for=\"wpforms-412-field_3\">Mon T\u00e9lephone\/Mobile<\/label><input type=\"text\" id=\"wpforms-412-field_3\" class=\"wpforms-field-small\" name=\"wpforms[fields][3]\" ><\/div><div id=\"wpforms-412-field_4-container\" class=\"wpforms-field wpforms-field-checkbox\" data-field-id=\"4\"><label class=\"wpforms-field-label\">Ma question concerne<\/label><ul id=\"wpforms-412-field_4\"><li class=\"choice-1 depth-1\"><input type=\"checkbox\" id=\"wpforms-412-field_4_1\" name=\"wpforms[fields][4][]\" value=\"Un bapt\u00eame\"  ><label class=\"wpforms-field-label-inline\" for=\"wpforms-412-field_4_1\">Un bapt\u00eame<\/label><\/li><li class=\"choice-2 depth-1\"><input type=\"checkbox\" id=\"wpforms-412-field_4_2\" name=\"wpforms[fields][4][]\" value=\"Un mariage\"  ><label class=\"wpforms-field-label-inline\" for=\"wpforms-412-field_4_2\">Un mariage<\/label><\/li><li class=\"choice-3 depth-1\"><input type=\"checkbox\" id=\"wpforms-412-field_4_3\" name=\"wpforms[fields][4][]\" value=\"Des fun\u00e9railles\"  ><label class=\"wpforms-field-label-inline\" for=\"wpforms-412-field_4_3\">Des fun\u00e9railles<\/label><\/li><li class=\"choice-4 depth-1\"><input type=\"checkbox\" id=\"wpforms-412-field_4_4\" name=\"wpforms[fields][4][]\" value=\"La cat\u00e9ch\u00e8se\"  ><label class=\"wpforms-field-label-inline\" for=\"wpforms-412-field_4_4\">La cat\u00e9ch\u00e8se<\/label><\/li><li class=\"choice-7 depth-1\"><input type=\"checkbox\" id=\"wpforms-412-field_4_7\" name=\"wpforms[fields][4][]\" value=\"Un autre sacrement\"  ><label class=\"wpforms-field-label-inline\" for=\"wpforms-412-field_4_7\">Un autre sacrement<\/label><\/li><li class=\"choice-5 depth-1\"><input type=\"checkbox\" id=\"wpforms-412-field_4_5\" name=\"wpforms[fields][4][]\" value=\"Une proposition d&#039;aide\"  ><label class=\"wpforms-field-label-inline\" for=\"wpforms-412-field_4_5\">Une proposition d'aide<\/label><\/li><li class=\"choice-6 depth-1\"><input type=\"checkbox\" id=\"wpforms-412-field_4_6\" name=\"wpforms[fields][4][]\" value=\"Autre\"  ><label class=\"wpforms-field-label-inline\" for=\"wpforms-412-field_4_6\">Autre<\/label><\/li><\/ul><\/div><div id=\"wpforms-412-field_6-container\" class=\"wpforms-field wpforms-field-textarea\" data-field-id=\"6\"><label class=\"wpforms-field-label\" for=\"wpforms-412-field_6\">Mon commentaire <span class=\"wpforms-required-label\">*<\/span><\/label><textarea id=\"wpforms-412-field_6\" class=\"wpforms-field-medium wpforms-field-required wpforms-limit-characters-enabled\" data-form-id=\"412\" data-field-id=\"6\" data-text-limit=\"250\" name=\"wpforms[fields][6]\" maxlength=\"250\" required><\/textarea><\/div><\/div><!-- .wpforms-field-container --><div class=\"wpforms-submit-container\" ><input type=\"hidden\" name=\"wpforms[id]\" value=\"412\"><input type=\"hidden\" name=\"page_title\" value=\"\"><input type=\"hidden\" name=\"page_url\" value=\"https:\/\/up-bla.be\/ophain-lillois\/wp-json\/wp\/v2\/pages\/229\"><input type=\"hidden\" name=\"url_referer\" value=\"\"><button type=\"submit\" name=\"wpforms[submit]\" id=\"wpforms-submit-412\" class=\"wpforms-submit\" data-alt-text=\"Envoi...\" data-submit-text=\"Envoyer\" aria-live=\"assertive\" value=\"wpforms-submit\">Envoyer<\/button><\/div><\/form><\/div>  <!-- .wpforms-container -->\t\t<\/div>\n\t\t\t\t<\/div>\n\t\t\t\t\t<\/div>\n\t\t<\/div>\n\t\t\t\t<div class=\"elementor-column elementor-col-50 elementor-top-column elementor-element elementor-element-f86b93c\" data-id=\"f86b93c\" data-element_type=\"column\">\n\t\t\t<div class=\"elementor-widget-wrap elementor-element-populated\">\n\t\t\t\t\t\t\t\t<div class=\"elementor-element elementor-element-cf5e5ea elementor-widget__width-initial elementor-widget elementor-widget-text-editor\" data-id=\"cf5e5ea\" data-element_type=\"widget\" data-widget_type=\"text-editor.default\">\n\t\t\t\t<div class=\"elementor-widget-container\">\n\t\t\t\t\t\t\t<p><strong>\u00a0Adresse de la Cure<\/strong> :<\/p><p>Rue Ren\u00e9 Francq,\u00a0 31<br \/>1428\u00a0 Lillois<\/p><p><strong>\u00a0P\u00e8re Bruno Tegbesa<\/strong><br \/>T\u00e9l : 0476\/97.18.86<br \/>02 653.68.22<\/p><p>Adresse mail :<\/p><p><span style=\"text-decoration: underline\"><span style=\"color: #0000ff;text-decoration: underline\">brtgsn2002@yahoo.com<\/span><\/span><\/p><p><span style=\"text-decoration: underline;color: #0000ff\"> <a style=\"color: #0000ff\" href=\"mailto:paroisse.lillois.ophain@gmail.com\">paroisse.lillois.ophain@gmail.com<\/a>\u00a0<\/span><\/p><p><span style=\"color: #000000\">Site de l&rsquo;UP : up-bla.be<\/span><\/p>\t\t\t\t\t\t<\/div>\n\t\t\t\t<\/div>\n\t\t\t\t\t<\/div>\n\t\t<\/div>\n\t\t\t\t\t\t\t<\/div>\n\t\t<\/section>\n\t\t\t\t<section class=\"elementor-section elementor-top-section elementor-element elementor-element-7deea47 elementor-section-boxed elementor-section-height-default elementor-section-height-default\" data-id=\"7deea47\" data-element_type=\"section\">\n\t\t\t\t\t\t<div class=\"elementor-container elementor-column-gap-default\">\n\t\t\t\t\t<div class=\"elementor-column elementor-col-100 elementor-top-column elementor-element elementor-element-a4f1028\" data-id=\"a4f1028\" data-element_type=\"column\">\n\t\t\t<div class=\"elementor-widget-wrap\">\n\t\t\t\t\t\t\t\t\t<\/div>\n\t\t<\/div>\n\t\t\t\t\t\t\t<\/div>\n\t\t<\/section>\n\t\t\t\t\t\t\t<\/div>\n\t\t","protected":false},"excerpt":{"rendered":"<p>&nbsp;Adresse de la Cure : Rue Ren\u00e9 Francq,&nbsp; 31 1428&nbsp; Lillois &nbsp;P\u00e8re Bruno Tegbesa T\u00e9l : 0476\/97.18.86 02 653.68.22 Adresse mail : brtgsn2002@yahoo.com paroisse.lillois.ophain@gmail.com&nbsp; Site de l&rsquo;UP : up-bla.be<\/p>\n","protected":false},"author":1,"featured_media":0,"parent":0,"menu_order":0,"comment_status":"closed","ping_status":"closed","template":"elementor_header_footer","meta":{"footnotes":""},"class_list":["post-229","page","type-page","status-publish","hentry","entry"],"_links":{"self":[{"href":"https:\/\/up-bla.be\/ophain-lillois\/wp-json\/wp\/v2\/pages\/229","targetHints":{"allow":["GET"]}}],"collection":[{"href":"https:\/\/up-bla.be\/ophain-lillois\/wp-json\/wp\/v2\/pages"}],"about":[{"href":"https:\/\/up-bla.be\/ophain-lillois\/wp-json\/wp\/v2\/types\/page"}],"author":[{"embeddable":true,"href":"https:\/\/up-bla.be\/ophain-lillois\/wp-json\/wp\/v2\/users\/1"}],"replies":[{"embeddable":true,"href":"https:\/\/up-bla.be\/ophain-lillois\/wp-json\/wp\/v2\/comments?post=229"}],"version-history":[{"count":42,"href":"https:\/\/up-bla.be\/ophain-lillois\/wp-json\/wp\/v2\/pages\/229\/revisions"}],"predecessor-version":[{"id":1010,"href":"https:\/\/up-bla.be\/ophain-lillois\/wp-json\/wp\/v2\/pages\/229\/revisions\/1010"}],"wp:attachment":[{"href":"https:\/\/up-bla.be\/ophain-lillois\/wp-json\/wp\/v2\/media?parent=229"}],"curies":[{"name":"wp","href":"https:\/\/api.w.org\/{rel}","templated":true}]}}