{"id":270,"date":"2021-05-07T18:02:41","date_gmt":"2021-05-07T16:02:41","guid":{"rendered":"https:\/\/up-bla.be\/ophain-lillois\/?page_id=270"},"modified":"2026-03-25T17:55:21","modified_gmt":"2026-03-25T16:55:21","slug":"annonces","status":"publish","type":"page","link":"https:\/\/up-bla.be\/ophain-lillois\/annonces\/","title":{"rendered":"Annonces"},"content":{"rendered":"\t\t<div data-elementor-type=\"wp-page\" data-elementor-id=\"270\" class=\"elementor elementor-270\">\n\t\t\t\t\t\t\t\t\t<section class=\"elementor-section elementor-top-section elementor-element elementor-element-8d883c9 elementor-section-boxed elementor-section-height-default elementor-section-height-default\" data-id=\"8d883c9\" data-element_type=\"section\">\n\t\t\t\t\t\t<div class=\"elementor-container elementor-column-gap-default\">\n\t\t\t\t\t<div class=\"elementor-column elementor-col-100 elementor-top-column elementor-element elementor-element-febccc2\" data-id=\"febccc2\" data-element_type=\"column\">\n\t\t\t<div class=\"elementor-widget-wrap elementor-element-populated\">\n\t\t\t\t\t\t\t\t<div class=\"elementor-element elementor-element-abdfb18 elementor-widget elementor-widget-image\" data-id=\"abdfb18\" data-element_type=\"widget\" data-widget_type=\"image.default\">\n\t\t\t\t<div class=\"elementor-widget-container\">\n\t\t\t\t\t\t\t\t\t\t\t\t\t\t\t<img loading=\"lazy\" decoding=\"async\" width=\"473\" height=\"666\" src=\"https:\/\/up-bla.be\/ophain-lillois\/wp-content\/uploads\/sites\/4\/2026\/03\/Soeur-Emmanuelle.jpg\" class=\"attachment-large size-large\" alt=\"\" srcset=\"https:\/\/up-bla.be\/ophain-lillois\/wp-content\/uploads\/sites\/4\/2026\/03\/Soeur-Emmanuelle.jpg 473w, https:\/\/up-bla.be\/ophain-lillois\/wp-content\/uploads\/sites\/4\/2026\/03\/Soeur-Emmanuelle-213x300.jpg 213w\" sizes=\"auto, (max-width: 473px) 100vw, 473px\" style=\"width:100%;height:140.8%;max-width:473px\" \/>\t\t\t\t\t\t\t\t\t\t\t\t\t\t\t<\/div>\n\t\t\t\t<\/div>\n\t\t\t\t\t<\/div>\n\t\t<\/div>\n\t\t\t\t\t\t\t<\/div>\n\t\t<\/section>\n\t\t\t\t<section class=\"elementor-section elementor-top-section elementor-element elementor-element-4a96f49 elementor-section-boxed elementor-section-height-default elementor-section-height-default\" data-id=\"4a96f49\" data-element_type=\"section\">\n\t\t\t\t\t\t<div class=\"elementor-container elementor-column-gap-default\">\n\t\t\t\t\t<div class=\"elementor-column elementor-col-100 elementor-top-column elementor-element elementor-element-eba1886\" data-id=\"eba1886\" data-element_type=\"column\">\n\t\t\t<div class=\"elementor-widget-wrap\">\n\t\t\t\t\t\t\t\t\t<\/div>\n\t\t<\/div>\n\t\t\t\t\t\t\t<\/div>\n\t\t<\/section>\n\t\t\t\t<section class=\"elementor-section elementor-top-section elementor-element elementor-element-bdfd7f4 elementor-section-boxed elementor-section-height-default elementor-section-height-default\" data-id=\"bdfd7f4\" data-element_type=\"section\">\n\t\t\t\t\t\t<div class=\"elementor-container elementor-column-gap-default\">\n\t\t\t\t\t<div class=\"elementor-column elementor-col-50 elementor-top-column elementor-element elementor-element-ededf31\" data-id=\"ededf31\" data-element_type=\"column\">\n\t\t\t<div class=\"elementor-widget-wrap elementor-element-populated\">\n\t\t\t\t\t\t\t\t<div class=\"elementor-element elementor-element-55a02b7 elementor-widget elementor-widget-text-editor\" data-id=\"55a02b7\" data-element_type=\"widget\" data-widget_type=\"text-editor.default\">\n\t\t\t\t<div class=\"elementor-widget-container\">\n\t\t\t\t\t\t\t<p><span style=\"color: #0000ff;font-size: 18pt\"><span style=\"text-decoration: underline\">Dimanche 29 mai 2022<\/span>\u00a0 \u00a0 Prions la Vierge Marie.<\/span><\/p><p><span style=\"color: #0000ff\">MESSE \u00e0 10h30\u00a0 \u00a0\u00e0 la grotte N.D. de Lourdes<\/span><\/p><p>rue du comte Jacques de Mee\u00fbs \u00e0 <span style=\"color: #0000ff\">LILLOIS.<\/span><\/p><p>P.S. Vous \u00eates tous bienvenus et l&rsquo;ap\u00e9ritif vous sera offert apr\u00e8s la messe en l&rsquo;honneur du 140\u00e8me anniversaire de la grotte<\/p>\t\t\t\t\t\t<\/div>\n\t\t\t\t<\/div>\n\t\t\t\t\t<\/div>\n\t\t<\/div>\n\t\t\t\t<div class=\"elementor-column elementor-col-50 elementor-top-column elementor-element elementor-element-0703c6a\" data-id=\"0703c6a\" data-element_type=\"column\">\n\t\t\t<div class=\"elementor-widget-wrap elementor-element-populated\">\n\t\t\t\t\t\t\t\t<div class=\"elementor-element elementor-element-1ad08b5 elementor-widget elementor-widget-image\" data-id=\"1ad08b5\" data-element_type=\"widget\" data-widget_type=\"image.default\">\n\t\t\t\t<div class=\"elementor-widget-container\">\n\t\t\t\t\t\t\t\t\t\t\t\t\t\t\t<img loading=\"lazy\" decoding=\"async\" width=\"300\" height=\"226\" src=\"https:\/\/up-bla.be\/ophain-lillois\/wp-content\/uploads\/sites\/4\/2021\/05\/Lillois-ND-de-Lourdes-.jpg\" class=\"attachment-medium_large size-medium_large\" alt=\"\" style=\"width:100%;height:75.33%;max-width:300px\" \/>\t\t\t\t\t\t\t\t\t\t\t\t\t\t\t<\/div>\n\t\t\t\t<\/div>\n\t\t\t\t\t<\/div>\n\t\t<\/div>\n\t\t\t\t\t\t\t<\/div>\n\t\t<\/section>\n\t\t\t\t<section class=\"elementor-section elementor-top-section elementor-element elementor-element-1ea25a0 elementor-section-boxed elementor-section-height-default elementor-section-height-default\" data-id=\"1ea25a0\" data-element_type=\"section\">\n\t\t\t\t\t\t<div class=\"elementor-container elementor-column-gap-default\">\n\t\t\t\t\t<div class=\"elementor-column elementor-col-50 elementor-top-column elementor-element elementor-element-b802033\" data-id=\"b802033\" data-element_type=\"column\">\n\t\t\t<div class=\"elementor-widget-wrap elementor-element-populated\">\n\t\t\t\t\t\t\t\t<div class=\"elementor-element elementor-element-3b08ea7 elementor-widget elementor-widget-image\" data-id=\"3b08ea7\" data-element_type=\"widget\" data-widget_type=\"image.default\">\n\t\t\t\t<div class=\"elementor-widget-container\">\n\t\t\t\t\t\t\t\t\t\t\t\t\t\t\t<img loading=\"lazy\" decoding=\"async\" width=\"768\" height=\"825\" src=\"https:\/\/up-bla.be\/ophain-lillois\/wp-content\/uploads\/sites\/4\/2022\/01\/Aventr-20211219-768x825.jpg\" class=\"attachment-medium_large size-medium_large\" alt=\"\" srcset=\"https:\/\/up-bla.be\/ophain-lillois\/wp-content\/uploads\/sites\/4\/2022\/01\/Aventr-20211219-768x825.jpg 768w, https:\/\/up-bla.be\/ophain-lillois\/wp-content\/uploads\/sites\/4\/2022\/01\/Aventr-20211219-279x300.jpg 279w, https:\/\/up-bla.be\/ophain-lillois\/wp-content\/uploads\/sites\/4\/2022\/01\/Aventr-20211219-953x1024.jpg 953w, https:\/\/up-bla.be\/ophain-lillois\/wp-content\/uploads\/sites\/4\/2022\/01\/Aventr-20211219-1429x1536.jpg 1429w, https:\/\/up-bla.be\/ophain-lillois\/wp-content\/uploads\/sites\/4\/2022\/01\/Aventr-20211219-1905x2048.jpg 1905w, https:\/\/up-bla.be\/ophain-lillois\/wp-content\/uploads\/sites\/4\/2022\/01\/Aventr-20211219-1568x1685.jpg 1568w\" sizes=\"auto, (max-width: 768px) 100vw, 768px\" style=\"width:100%;height:107.47%;max-width:2382px\" \/>\t\t\t\t\t\t\t\t\t\t\t\t\t\t\t<\/div>\n\t\t\t\t<\/div>\n\t\t\t\t\t<\/div>\n\t\t<\/div>\n\t\t\t\t<div class=\"elementor-column elementor-col-50 elementor-top-column elementor-element elementor-element-b876ce3\" data-id=\"b876ce3\" data-element_type=\"column\">\n\t\t\t<div class=\"elementor-widget-wrap elementor-element-populated\">\n\t\t\t\t\t\t\t\t<div class=\"elementor-element elementor-element-2ad985a elementor-widget elementor-widget-text-editor\" data-id=\"2ad985a\" data-element_type=\"widget\" data-widget_type=\"text-editor.default\">\n\t\t\t\t<div class=\"elementor-widget-container\">\n\t\t\t\t\t\t\t<p><strong><span style=\"color: #0000ff\">Notre chemin de l&rsquo;Avent 2021<\/span><\/strong><\/p><p><span style=\"font-size: 14pt;color: #000000\">Chaque semaine , du 28 novembre au 19 d\u00e9cembre, nous avons \u00e9t\u00e9 invit\u00e9s \u00e0 ouvrir nos sens\u00a0 pour nous pr\u00e9parer \u00e0 la venue de l&rsquo;enfant J\u00e9sus, l&rsquo;Emmanuel. Merci \u00e0 Paul qui nous a pr\u00e9par\u00e9s ce beau panneau \u00e9volutif. La communaut\u00e9 paroissiale a v\u00e9cu avec ferveur ce cheminement.<\/span><\/p><p><span style=\"font-size: 14pt;color: #000000\">28 novembre : Restons en \u00e9veil, Ouvrons les yeux<\/span><\/p><p><span style=\"font-size: 14pt;color: #000000\">5 d\u00e9cembre : Soyons \u00e0 l&rsquo;\u00e9coute, Ouvrons nos oreilles<\/span><\/p><p><span style=\"font-size: 14pt;color: #000000\">12 d\u00e9cembre : Partageons, Ouvrons nos mains<\/span><\/p><p><span style=\"font-size: 14pt;color: #000000\">19 d\u00e9cembre : le temps du Renouveau, Ouvrons nos coeurs<\/span><\/p><p><strong><span style=\"font-size: 14pt;color: #0000ff\">Temps de No\u00ebl<\/span><\/strong><\/p><p><span style=\"font-size: 14pt;color: #000000\">24 d\u00e9cembre : Veill\u00e9e avec les enfants \u00e0 18h \u00e0 Lillois<\/span><\/p><p><span style=\"color: #000000;font-size: 14pt\">25 d\u00e9cembre : Messe de No\u00ebl \u00e0 Ophain<\/span><\/p><p><span style=\"color: #000000;font-size: 14pt\">26 d\u00e9cembre : Messe de la Ste Famille \u00e0 Lillois<\/span><\/p>\t\t\t\t\t\t<\/div>\n\t\t\t\t<\/div>\n\t\t\t\t\t<\/div>\n\t\t<\/div>\n\t\t\t\t\t\t\t<\/div>\n\t\t<\/section>\n\t\t\t\t<section class=\"elementor-section elementor-top-section elementor-element elementor-element-09f355c elementor-section-boxed elementor-section-height-default elementor-section-height-default\" data-id=\"09f355c\" data-element_type=\"section\">\n\t\t\t\t\t\t<div class=\"elementor-container elementor-column-gap-default\">\n\t\t\t\t\t<div class=\"elementor-column elementor-col-50 elementor-top-column elementor-element elementor-element-1ac9a73\" data-id=\"1ac9a73\" data-element_type=\"column\">\n\t\t\t<div class=\"elementor-widget-wrap elementor-element-populated\">\n\t\t\t\t\t\t\t\t<div class=\"elementor-element elementor-element-f9d0da8 elementor-widget elementor-widget-text-editor\" data-id=\"f9d0da8\" data-element_type=\"widget\" data-widget_type=\"text-editor.default\">\n\t\t\t\t<div class=\"elementor-widget-container\">\n\t\t\t\t\t\t\t<p><strong><span style=\"color: #0000ff\">En ce mois de septembre 2021,<\/span><\/strong><\/p><p>Les enfants de cat\u00e9ch\u00e8se ont r\u00e9alis\u00e9 l&rsquo;aboutissement de leur ann\u00e9e de KT :<\/p><p>19\/09 : premi\u00e8res communions du groupe d&rsquo;Ophain<\/p><p>26\/09 : confirmation des jeunes de Lillois-Ophain<\/p><p><strong><span style=\"color: #0000ff\">En ce mois d&rsquo;octobre 2021, reprise de la cat\u00e9ch\u00e8se.<\/span><\/strong><\/p><p>Messe des familles le 17 octobre avec 17 enfants qui pr\u00e9parent leur premi\u00e8re communion. Joie de retrouver une \u00e9glise bien vivante.<\/p>\t\t\t\t\t\t<\/div>\n\t\t\t\t<\/div>\n\t\t\t\t\t<\/div>\n\t\t<\/div>\n\t\t\t\t<div class=\"elementor-column elementor-col-50 elementor-top-column elementor-element elementor-element-a53eaf6\" data-id=\"a53eaf6\" data-element_type=\"column\">\n\t\t\t<div class=\"elementor-widget-wrap elementor-element-populated\">\n\t\t\t\t\t\t\t\t<div class=\"elementor-element elementor-element-82b533b elementor-widget elementor-widget-image\" data-id=\"82b533b\" data-element_type=\"widget\" data-widget_type=\"image.default\">\n\t\t\t\t<div class=\"elementor-widget-container\">\n\t\t\t\t\t\t\t\t\t\t\t\t\t\t\t<img loading=\"lazy\" decoding=\"async\" width=\"768\" height=\"576\" src=\"https:\/\/up-bla.be\/ophain-lillois\/wp-content\/uploads\/sites\/4\/2021\/10\/20210926_confirmes-768x576.jpg\" class=\"attachment-medium_large size-medium_large\" alt=\"Confirm\u00e9s du 19 septembre 2021\" srcset=\"https:\/\/up-bla.be\/ophain-lillois\/wp-content\/uploads\/sites\/4\/2021\/10\/20210926_confirmes-768x576.jpg 768w, https:\/\/up-bla.be\/ophain-lillois\/wp-content\/uploads\/sites\/4\/2021\/10\/20210926_confirmes-300x225.jpg 300w, https:\/\/up-bla.be\/ophain-lillois\/wp-content\/uploads\/sites\/4\/2021\/10\/20210926_confirmes-1024x768.jpg 1024w, https:\/\/up-bla.be\/ophain-lillois\/wp-content\/uploads\/sites\/4\/2021\/10\/20210926_confirmes-1536x1152.jpg 1536w, https:\/\/up-bla.be\/ophain-lillois\/wp-content\/uploads\/sites\/4\/2021\/10\/20210926_confirmes-2048x1536.jpg 2048w, https:\/\/up-bla.be\/ophain-lillois\/wp-content\/uploads\/sites\/4\/2021\/10\/20210926_confirmes-1568x1176.jpg 1568w\" sizes=\"auto, (max-width: 768px) 100vw, 768px\" style=\"width:100%;height:75%;max-width:2560px\" \/>\t\t\t\t\t\t\t\t\t\t\t\t\t\t\t<\/div>\n\t\t\t\t<\/div>\n\t\t\t\t\t<\/div>\n\t\t<\/div>\n\t\t\t\t\t\t\t<\/div>\n\t\t<\/section>\n\t\t\t\t<section class=\"elementor-section elementor-top-section elementor-element elementor-element-84d46f7 elementor-section-boxed elementor-section-height-default elementor-section-height-default\" data-id=\"84d46f7\" data-element_type=\"section\">\n\t\t\t\t\t\t<div class=\"elementor-container elementor-column-gap-default\">\n\t\t\t\t\t<div class=\"elementor-column elementor-col-50 elementor-top-column elementor-element elementor-element-fd19fe8\" data-id=\"fd19fe8\" data-element_type=\"column\">\n\t\t\t<div class=\"elementor-widget-wrap elementor-element-populated\">\n\t\t\t\t\t\t\t\t<div class=\"elementor-element elementor-element-87e4c77 elementor-widget elementor-widget-image\" data-id=\"87e4c77\" data-element_type=\"widget\" data-widget_type=\"image.default\">\n\t\t\t\t<div class=\"elementor-widget-container\">\n\t\t\t\t\t\t\t\t\t\t\t\t\t\t\t<img loading=\"lazy\" decoding=\"async\" width=\"768\" height=\"1024\" src=\"https:\/\/up-bla.be\/ophain-lillois\/wp-content\/uploads\/sites\/4\/2021\/07\/20210711_messe-Ophain-768x1024.jpg\" class=\"attachment-medium_large size-medium_large\" alt=\"\" srcset=\"https:\/\/up-bla.be\/ophain-lillois\/wp-content\/uploads\/sites\/4\/2021\/07\/20210711_messe-Ophain-768x1024.jpg 768w, https:\/\/up-bla.be\/ophain-lillois\/wp-content\/uploads\/sites\/4\/2021\/07\/20210711_messe-Ophain-225x300.jpg 225w, https:\/\/up-bla.be\/ophain-lillois\/wp-content\/uploads\/sites\/4\/2021\/07\/20210711_messe-Ophain-1152x1536.jpg 1152w, https:\/\/up-bla.be\/ophain-lillois\/wp-content\/uploads\/sites\/4\/2021\/07\/20210711_messe-Ophain-1536x2048.jpg 1536w, https:\/\/up-bla.be\/ophain-lillois\/wp-content\/uploads\/sites\/4\/2021\/07\/20210711_messe-Ophain-1568x2091.jpg 1568w, https:\/\/up-bla.be\/ophain-lillois\/wp-content\/uploads\/sites\/4\/2021\/07\/20210711_messe-Ophain-scaled.jpg 1920w\" sizes=\"auto, (max-width: 768px) 100vw, 768px\" style=\"width:100%;height:133.33%;max-width:1920px\" \/>\t\t\t\t\t\t\t\t\t\t\t\t\t\t\t<\/div>\n\t\t\t\t<\/div>\n\t\t\t\t\t<\/div>\n\t\t<\/div>\n\t\t\t\t<div class=\"elementor-column elementor-col-50 elementor-top-column elementor-element elementor-element-c1e1397\" data-id=\"c1e1397\" data-element_type=\"column\">\n\t\t\t<div class=\"elementor-widget-wrap elementor-element-populated\">\n\t\t\t\t\t\t\t\t<div class=\"elementor-element elementor-element-eeedf00 elementor-widget elementor-widget-text-editor\" data-id=\"eeedf00\" data-element_type=\"widget\" data-widget_type=\"text-editor.default\">\n\t\t\t\t<div class=\"elementor-widget-container\">\n\t\t\t\t\t\t\t<p><span style=\"color: #ff0000\"><strong>2021-2022 : 10\u00e8me saison anniversaire des concerts \u00e0 la Chapelle St Martin de Lillois<\/strong><\/span><\/p><p>Vendredi 1er octobre \u00e0 20h :<\/p><p class=\"font_7\"><span style=\"font-family: helvetica\"><strong>Quentin DUJARDIN<\/strong> <span style=\"font-size: 12pt\">&#8211;\u00a0guitare<\/span><\/span><\/p><p class=\"font_7\"><span style=\"font-family: helvetica\"><strong>Didier LALOY<\/strong> <span style=\"font-size: 12pt\">&#8211;\u00a0accord\u00e9on diatonique<\/span><\/span><\/p><p class=\"font_7\"><span style=\"font-family: helvetica\"><strong>Adrien TYBERGHEIN<\/strong> <span style=\"font-size: 12pt\">&#8211;\u00a0contrebasse<\/span><\/span><\/p><p>R\u00e9servation et informations\u00a0 sur le site de la Chapelle\u00a0<\/p><p>(voir onglet Patrimoine )<\/p>\t\t\t\t\t\t<\/div>\n\t\t\t\t<\/div>\n\t\t\t\t\t<\/div>\n\t\t<\/div>\n\t\t\t\t\t\t\t<\/div>\n\t\t<\/section>\n\t\t\t\t<section class=\"elementor-section elementor-top-section elementor-element elementor-element-6290074 elementor-section-boxed elementor-section-height-default elementor-section-height-default\" data-id=\"6290074\" data-element_type=\"section\">\n\t\t\t\t\t\t<div class=\"elementor-container elementor-column-gap-default\">\n\t\t\t\t\t<div class=\"elementor-column elementor-col-50 elementor-top-column elementor-element elementor-element-b947146\" data-id=\"b947146\" data-element_type=\"column\">\n\t\t\t<div class=\"elementor-widget-wrap elementor-element-populated\">\n\t\t\t\t\t\t\t\t<div class=\"elementor-element elementor-element-e8d556a elementor-widget elementor-widget-text-editor\" data-id=\"e8d556a\" data-element_type=\"widget\" data-widget_type=\"text-editor.default\">\n\t\t\t\t<div class=\"elementor-widget-container\">\n\t\t\t\t\t\t\t<p style=\"text-align: right\"><strong><span style=\"color: #0000ff\">Dimanche de la Pentec\u00f4te\u00a0<\/span><\/strong><\/p><p style=\"text-align: right\">(c\u00e9l\u00e9bration \u00e0 Lillois)<\/p><p>\u00a0<\/p><p>\u00a0<\/p><p>\u00a0<\/p><p style=\"text-align: left\"><strong><span style=\"color: #0000ff\">Dimanche de la Sainte Trinit\u00e9 ce dimanche 30 mai.<\/span><\/strong><\/p><p>Bienvenue \u00e0 la Chapelle des Belles Pierres \u00e0 Ophain.<\/p><p>14h30 : chapelet suivi de la messe \u00e0 15h.<\/p><p>Rencontre conviviale apr\u00e8s la messe.<\/p><p>Chapiteau dans le jardin de la Chapelle.<\/p><p>\u00a0<\/p><p>Quelques photos de cet apr\u00e8s-midi priante et conviviale ci-dessous.<\/p>\t\t\t\t\t\t<\/div>\n\t\t\t\t<\/div>\n\t\t\t\t\t<\/div>\n\t\t<\/div>\n\t\t\t\t<div class=\"elementor-column elementor-col-50 elementor-top-column elementor-element elementor-element-1a5170f\" data-id=\"1a5170f\" data-element_type=\"column\">\n\t\t\t<div class=\"elementor-widget-wrap elementor-element-populated\">\n\t\t\t\t\t\t\t\t<div class=\"elementor-element elementor-element-620a61b elementor-widget elementor-widget-image\" data-id=\"620a61b\" data-element_type=\"widget\" data-widget_type=\"image.default\">\n\t\t\t\t<div class=\"elementor-widget-container\">\n\t\t\t\t\t\t\t\t\t\t\t\t<figure class=\"wp-caption\">\n\t\t\t\t\t\t\t\t\t\t<img loading=\"lazy\" decoding=\"async\" width=\"768\" height=\"895\" src=\"https:\/\/up-bla.be\/ophain-lillois\/wp-content\/uploads\/sites\/4\/2021\/05\/20210523_messePentecote-768x895.jpg\" class=\"attachment-medium_large size-medium_large\" alt=\"\" srcset=\"https:\/\/up-bla.be\/ophain-lillois\/wp-content\/uploads\/sites\/4\/2021\/05\/20210523_messePentecote-768x895.jpg 768w, https:\/\/up-bla.be\/ophain-lillois\/wp-content\/uploads\/sites\/4\/2021\/05\/20210523_messePentecote-257x300.jpg 257w, https:\/\/up-bla.be\/ophain-lillois\/wp-content\/uploads\/sites\/4\/2021\/05\/20210523_messePentecote-879x1024.jpg 879w, https:\/\/up-bla.be\/ophain-lillois\/wp-content\/uploads\/sites\/4\/2021\/05\/20210523_messePentecote-1318x1536.jpg 1318w, https:\/\/up-bla.be\/ophain-lillois\/wp-content\/uploads\/sites\/4\/2021\/05\/20210523_messePentecote-1757x2048.jpg 1757w, https:\/\/up-bla.be\/ophain-lillois\/wp-content\/uploads\/sites\/4\/2021\/05\/20210523_messePentecote-1568x1828.jpg 1568w\" sizes=\"auto, (max-width: 768px) 100vw, 768px\" style=\"width:100%;height:116.58%;max-width:2196px\" \/>\t\t\t\t\t\t\t\t\t\t\t<figcaption class=\"widget-image-caption wp-caption-text\">Messe de la Pentec\u00f4te<\/figcaption>\n\t\t\t\t\t\t\t\t\t\t<\/figure>\n\t\t\t\t\t\t\t\t\t<\/div>\n\t\t\t\t<\/div>\n\t\t\t\t\t<\/div>\n\t\t<\/div>\n\t\t\t\t\t\t\t<\/div>\n\t\t<\/section>\n\t\t\t\t<section class=\"elementor-section elementor-top-section elementor-element elementor-element-6d27b93 elementor-section-boxed elementor-section-height-default elementor-section-height-default\" data-id=\"6d27b93\" data-element_type=\"section\">\n\t\t\t\t\t\t<div class=\"elementor-container elementor-column-gap-default\">\n\t\t\t\t\t<div class=\"elementor-column elementor-col-33 elementor-top-column elementor-element elementor-element-3b59a58\" data-id=\"3b59a58\" data-element_type=\"column\">\n\t\t\t<div class=\"elementor-widget-wrap elementor-element-populated\">\n\t\t\t\t\t\t\t\t<div class=\"elementor-element elementor-element-f407704 elementor-widget elementor-widget-image\" data-id=\"f407704\" data-element_type=\"widget\" data-widget_type=\"image.default\">\n\t\t\t\t<div class=\"elementor-widget-container\">\n\t\t\t\t\t\t\t\t\t\t\t\t<figure class=\"wp-caption\">\n\t\t\t\t\t\t\t\t\t\t<img loading=\"lazy\" decoding=\"async\" width=\"768\" height=\"967\" src=\"https:\/\/up-bla.be\/ophain-lillois\/wp-content\/uploads\/sites\/4\/2021\/05\/20210530_messe-Belles-Pierres-768x967.jpg\" class=\"attachment-medium_large size-medium_large\" alt=\"\" srcset=\"https:\/\/up-bla.be\/ophain-lillois\/wp-content\/uploads\/sites\/4\/2021\/05\/20210530_messe-Belles-Pierres-768x967.jpg 768w, https:\/\/up-bla.be\/ophain-lillois\/wp-content\/uploads\/sites\/4\/2021\/05\/20210530_messe-Belles-Pierres-238x300.jpg 238w, https:\/\/up-bla.be\/ophain-lillois\/wp-content\/uploads\/sites\/4\/2021\/05\/20210530_messe-Belles-Pierres-813x1024.jpg 813w, https:\/\/up-bla.be\/ophain-lillois\/wp-content\/uploads\/sites\/4\/2021\/05\/20210530_messe-Belles-Pierres-1220x1536.jpg 1220w, https:\/\/up-bla.be\/ophain-lillois\/wp-content\/uploads\/sites\/4\/2021\/05\/20210530_messe-Belles-Pierres-1626x2048.jpg 1626w, https:\/\/up-bla.be\/ophain-lillois\/wp-content\/uploads\/sites\/4\/2021\/05\/20210530_messe-Belles-Pierres-1568x1975.jpg 1568w, https:\/\/up-bla.be\/ophain-lillois\/wp-content\/uploads\/sites\/4\/2021\/05\/20210530_messe-Belles-Pierres-scaled.jpg 2033w\" sizes=\"auto, (max-width: 768px) 100vw, 768px\" style=\"width:100%;height:125.92%;max-width:2033px\" \/>\t\t\t\t\t\t\t\t\t\t\t<figcaption class=\"widget-image-caption wp-caption-text\">Chapelle des Belles Pierres<\/figcaption>\n\t\t\t\t\t\t\t\t\t\t<\/figure>\n\t\t\t\t\t\t\t\t\t<\/div>\n\t\t\t\t<\/div>\n\t\t\t\t\t<\/div>\n\t\t<\/div>\n\t\t\t\t<div class=\"elementor-column elementor-col-33 elementor-top-column elementor-element elementor-element-e8d88d7\" data-id=\"e8d88d7\" data-element_type=\"column\">\n\t\t\t<div class=\"elementor-widget-wrap elementor-element-populated\">\n\t\t\t\t\t\t\t\t<div class=\"elementor-element elementor-element-32aa0c6 elementor-widget elementor-widget-image\" data-id=\"32aa0c6\" data-element_type=\"widget\" data-widget_type=\"image.default\">\n\t\t\t\t<div class=\"elementor-widget-container\">\n\t\t\t\t\t\t\t\t\t\t\t\t<figure class=\"wp-caption\">\n\t\t\t\t\t\t\t\t\t\t<img loading=\"lazy\" decoding=\"async\" width=\"768\" height=\"886\" src=\"https:\/\/up-bla.be\/ophain-lillois\/wp-content\/uploads\/sites\/4\/2021\/05\/20210530_messe-Ste-Trinite-Belles-Pierres-PBruno-768x886.jpg\" class=\"attachment-medium_large size-medium_large\" alt=\"\" srcset=\"https:\/\/up-bla.be\/ophain-lillois\/wp-content\/uploads\/sites\/4\/2021\/05\/20210530_messe-Ste-Trinite-Belles-Pierres-PBruno-768x886.jpg 768w, https:\/\/up-bla.be\/ophain-lillois\/wp-content\/uploads\/sites\/4\/2021\/05\/20210530_messe-Ste-Trinite-Belles-Pierres-PBruno-260x300.jpg 260w, https:\/\/up-bla.be\/ophain-lillois\/wp-content\/uploads\/sites\/4\/2021\/05\/20210530_messe-Ste-Trinite-Belles-Pierres-PBruno-888x1024.jpg 888w, https:\/\/up-bla.be\/ophain-lillois\/wp-content\/uploads\/sites\/4\/2021\/05\/20210530_messe-Ste-Trinite-Belles-Pierres-PBruno-1331x1536.jpg 1331w, https:\/\/up-bla.be\/ophain-lillois\/wp-content\/uploads\/sites\/4\/2021\/05\/20210530_messe-Ste-Trinite-Belles-Pierres-PBruno-1775x2048.jpg 1775w, https:\/\/up-bla.be\/ophain-lillois\/wp-content\/uploads\/sites\/4\/2021\/05\/20210530_messe-Ste-Trinite-Belles-Pierres-PBruno-1568x1809.jpg 1568w\" sizes=\"auto, (max-width: 768px) 100vw, 768px\" style=\"width:100%;height:115.37%;max-width:2219px\" \/>\t\t\t\t\t\t\t\t\t\t\t<figcaption class=\"widget-image-caption wp-caption-text\">C\u00e9l\u00e9bration de la messe de la Sainte Trinit\u00e9<\/figcaption>\n\t\t\t\t\t\t\t\t\t\t<\/figure>\n\t\t\t\t\t\t\t\t\t<\/div>\n\t\t\t\t<\/div>\n\t\t\t\t\t<\/div>\n\t\t<\/div>\n\t\t\t\t<div class=\"elementor-column elementor-col-33 elementor-top-column elementor-element elementor-element-3fb95fd\" data-id=\"3fb95fd\" data-element_type=\"column\">\n\t\t\t<div class=\"elementor-widget-wrap elementor-element-populated\">\n\t\t\t\t\t\t\t\t<div class=\"elementor-element elementor-element-cf3ddf1 elementor-widget elementor-widget-image\" data-id=\"cf3ddf1\" data-element_type=\"widget\" data-widget_type=\"image.default\">\n\t\t\t\t<div class=\"elementor-widget-container\">\n\t\t\t\t\t\t\t\t\t\t\t\t<figure class=\"wp-caption\">\n\t\t\t\t\t\t\t\t\t\t<img loading=\"lazy\" decoding=\"async\" width=\"768\" height=\"576\" src=\"https:\/\/up-bla.be\/ophain-lillois\/wp-content\/uploads\/sites\/4\/2021\/05\/20210530_messe-chapiteau-Belles-Pierres-768x576.jpg\" class=\"attachment-medium_large size-medium_large\" alt=\"\" srcset=\"https:\/\/up-bla.be\/ophain-lillois\/wp-content\/uploads\/sites\/4\/2021\/05\/20210530_messe-chapiteau-Belles-Pierres-768x576.jpg 768w, https:\/\/up-bla.be\/ophain-lillois\/wp-content\/uploads\/sites\/4\/2021\/05\/20210530_messe-chapiteau-Belles-Pierres-300x225.jpg 300w, https:\/\/up-bla.be\/ophain-lillois\/wp-content\/uploads\/sites\/4\/2021\/05\/20210530_messe-chapiteau-Belles-Pierres-1024x768.jpg 1024w, https:\/\/up-bla.be\/ophain-lillois\/wp-content\/uploads\/sites\/4\/2021\/05\/20210530_messe-chapiteau-Belles-Pierres-1536x1152.jpg 1536w, https:\/\/up-bla.be\/ophain-lillois\/wp-content\/uploads\/sites\/4\/2021\/05\/20210530_messe-chapiteau-Belles-Pierres-2048x1536.jpg 2048w, https:\/\/up-bla.be\/ophain-lillois\/wp-content\/uploads\/sites\/4\/2021\/05\/20210530_messe-chapiteau-Belles-Pierres-1568x1176.jpg 1568w\" sizes=\"auto, (max-width: 768px) 100vw, 768px\" style=\"width:100%;height:75%;max-width:2560px\" \/>\t\t\t\t\t\t\t\t\t\t\t<figcaption class=\"widget-image-caption wp-caption-text\">Assembl\u00e9e sous le chapiteau<\/figcaption>\n\t\t\t\t\t\t\t\t\t\t<\/figure>\n\t\t\t\t\t\t\t\t\t<\/div>\n\t\t\t\t<\/div>\n\t\t\t\t\t<\/div>\n\t\t<\/div>\n\t\t\t\t\t\t\t<\/div>\n\t\t<\/section>\n\t\t\t\t\t\t\t<\/div>\n\t\t","protected":false},"excerpt":{"rendered":"<p>Dimanche 29 mai 2022\u00a0 \u00a0 Prions la Vierge Marie. MESSE \u00e0 10h30\u00a0 \u00a0\u00e0 la grotte N.D. de Lourdes rue du comte Jacques de Mee\u00fbs \u00e0 LILLOIS. P.S. Vous \u00eates tous bienvenus et l&rsquo;ap\u00e9ritif vous sera offert apr\u00e8s la messe en l&rsquo;honneur du 140\u00e8me anniversaire de la grotte Notre chemin de l&rsquo;Avent 2021 Chaque semaine ,&hellip; <a class=\"more-link\" href=\"https:\/\/up-bla.be\/ophain-lillois\/annonces\/\">Poursuivre la lecture <span class=\"screen-reader-text\">Annonces<\/span><\/a><\/p>\n","protected":false},"author":5,"featured_media":0,"parent":0,"menu_order":0,"comment_status":"closed","ping_status":"closed","template":"elementor_header_footer","meta":{"footnotes":""},"class_list":["post-270","page","type-page","status-publish","hentry","entry"],"_links":{"self":[{"href":"https:\/\/up-bla.be\/ophain-lillois\/wp-json\/wp\/v2\/pages\/270","targetHints":{"allow":["GET"]}}],"collection":[{"href":"https:\/\/up-bla.be\/ophain-lillois\/wp-json\/wp\/v2\/pages"}],"about":[{"href":"https:\/\/up-bla.be\/ophain-lillois\/wp-json\/wp\/v2\/types\/page"}],"author":[{"embeddable":true,"href":"https:\/\/up-bla.be\/ophain-lillois\/wp-json\/wp\/v2\/users\/5"}],"replies":[{"embeddable":true,"href":"https:\/\/up-bla.be\/ophain-lillois\/wp-json\/wp\/v2\/comments?post=270"}],"version-history":[{"count":81,"href":"https:\/\/up-bla.be\/ophain-lillois\/wp-json\/wp\/v2\/pages\/270\/revisions"}],"predecessor-version":[{"id":1906,"href":"https:\/\/up-bla.be\/ophain-lillois\/wp-json\/wp\/v2\/pages\/270\/revisions\/1906"}],"wp:attachment":[{"href":"https:\/\/up-bla.be\/ophain-lillois\/wp-json\/wp\/v2\/media?parent=270"}],"curies":[{"name":"wp","href":"https:\/\/api.w.org\/{rel}","templated":true}]}}