{"id":596,"date":"2021-05-26T18:23:58","date_gmt":"2021-05-26T16:23:58","guid":{"rendered":"https:\/\/up-bla.be\/?page_id=596"},"modified":"2021-05-29T18:54:27","modified_gmt":"2021-05-29T16:54:27","slug":"z_-bapteme","status":"publish","type":"page","link":"https:\/\/up-bla.be\/ophain-lillois\/z_-etapes-de-la-vie\/z_-bapteme\/","title":{"rendered":"Bapt\u00eame"},"content":{"rendered":"\t\t<div data-elementor-type=\"wp-page\" data-elementor-id=\"596\" class=\"elementor elementor-596\">\n\t\t\t\t\t\t\t\t\t<section class=\"elementor-section elementor-top-section elementor-element elementor-element-198536cb elementor-section-boxed elementor-section-height-default elementor-section-height-default\" data-id=\"198536cb\" data-element_type=\"section\">\n\t\t\t\t\t\t<div class=\"elementor-container elementor-column-gap-default\">\n\t\t\t\t\t<div class=\"elementor-column elementor-col-100 elementor-top-column elementor-element elementor-element-5c8692c5\" data-id=\"5c8692c5\" data-element_type=\"column\">\n\t\t\t<div class=\"elementor-widget-wrap elementor-element-populated\">\n\t\t\t\t\t\t\t\t<div class=\"elementor-element elementor-element-29b8fa5f elementor-widget elementor-widget-text-editor\" data-id=\"29b8fa5f\" data-element_type=\"widget\" data-widget_type=\"text-editor.default\">\n\t\t\t\t<div class=\"elementor-widget-container\">\n\t\t\t\t\t\t\t<p><img loading=\"lazy\" decoding=\"async\" class=\"aligncenter wp-image-48 size-large\" src=\"http:\/\/up-bla.be\/wp-content\/old_ophain\/baptc3aame-e1511546839337.jpg?w=584\" alt=\"\" width=\"584\" height=\"458\" \/><\/p><p style=\"text-align: justify\"><strong>C\u2019est le bapt\u00eame de votre enfant !<\/strong><\/p><p style=\"text-align: justify\">Il y a plusieurs mois que vous y pensez. En parlant avec votre famille, les amis, vous vous \u00eates d\u00e9cid\u00e9s. Vous vous \u00eates rendus \u00e0 la cure et vous avez \u00e9t\u00e9 accueillis par une personne qui vous a dit<strong> la joie<\/strong> de la paroisse de pouvoir recevoir votre enfant pour le bapt\u00eame.<\/p><p style=\"text-align: justify\">Votre enfant, cet \u00eatre unique, est appel\u00e9 \u00e0 d\u00e9couvrir avec votre aide qu\u2019il est aim\u00e9 de Dieu. Quel que soit son \u00e2ge tout enfant peut accueillir l\u2019amour Dieu. J\u00e9sus le dit lui-m\u00eame dans son \u00e9vangile : <em>Laissez venir \u00e0 moi les petits enfants&#8230;<\/em>\u00a0C\u2019est pourquoi la <strong>pr\u00e9paration du bapt\u00eame de votre enfant est importante<\/strong>. Avec d\u2019autres parents, vous d\u00e9couvrirez comment vivre ce don unique et vous pourrez poser sans crainte toutes les questions qui vous pr\u00e9occupent \u00e9ventuellement.<\/p><p><strong>La paroisse vous invite !<\/strong><\/p><p style=\"text-align: justify\">Inscrivez-vous, <strong>un mois et demi avant la date o\u00f9 vous souhaitez que le bapt\u00eame soit c\u00e9l\u00e9br\u00e9<\/strong>, au secr\u00e9tariat (voir dans la rubrique Contact).<\/p><p><strong>Cette pr\u00e9paration se fera en quatre \u00e9tapes\u00a0:<\/strong><\/p><ol><li style=\"text-align: justify\">Le c\u00e9l\u00e9brant du bapt\u00eame vous contactera pour une premi\u00e8re rencontre chez vous.<\/li><li style=\"text-align: justify\">Une deuxi\u00e8me rencontre se fera sur rendez-vous<\/li><li style=\"text-align: justify\">La pr\u00e9sentation de votre enfant \u00e0 la communaut\u00e9 paroissiale au cours de la messe dominicale \u00e0 10h30 \u00e0 l\u2019\u00e9glise.<\/li><li style=\"text-align: justify\">La pr\u00e9paration de la c\u00e9l\u00e9bration du bapt\u00eame, une semaine avant la date choisie, un mardi, \u00e0 la cure \u00e0 20h.<\/li><\/ol><p>Pour vous aider \u00e0 pr\u00e9parer le bapt\u00eame de votre enfant, quelques documents vous seront utiles, \u00e0 savoir : la fiche de demande de bapt\u00eame, le d\u00e9roulement de la c\u00e9l\u00e9bration et un mod\u00e8le de carnet.<\/p><p><a href=\"http:\/\/up-bla.be\/wp-content\/old_ophain\/fiche-de-demande-dadmission-au-baptc3aame.pdf\" target=\"_blank\" rel=\"noopener\">Fiche de demande d&rsquo;admission au bapt\u00eame<\/a><br \/><a href=\"http:\/\/up-bla.be\/wp-content\/old_ophain\/schc3a9ma-de-la-cc3a9lc3a9bration.pdf\" target=\"_blank\" rel=\"noopener\">Sch\u00e9ma de la c\u00e9l\u00e9bration<\/a><br \/><a href=\"http:\/\/up-bla.be\/wp-content\/old_ophain\/carnet-de-baptc3aame.pdf\" target=\"_blank\" rel=\"noopener\">Carnet de bapt\u00eame<\/a><\/p>\t\t\t\t\t\t<\/div>\n\t\t\t\t<\/div>\n\t\t\t\t\t<\/div>\n\t\t<\/div>\n\t\t\t\t\t\t\t<\/div>\n\t\t<\/section>\n\t\t\t\t\t\t\t<\/div>\n\t\t","protected":false},"excerpt":{"rendered":"<p>C\u2019est le bapt\u00eame de votre enfant ! Il y a plusieurs mois que vous y pensez. En parlant avec votre famille, les amis, vous vous \u00eates d\u00e9cid\u00e9s. Vous vous \u00eates rendus \u00e0 la cure et vous avez \u00e9t\u00e9 accueillis par une personne qui vous a dit la joie de la paroisse de pouvoir recevoir votre&hellip; <a class=\"more-link\" href=\"https:\/\/up-bla.be\/ophain-lillois\/z_-etapes-de-la-vie\/z_-bapteme\/\">Poursuivre la lecture <span class=\"screen-reader-text\">Bapt\u00eame<\/span><\/a><\/p>\n","protected":false},"author":6,"featured_media":0,"parent":590,"menu_order":1,"comment_status":"closed","ping_status":"closed","template":"tw-no-title.php","meta":{"footnotes":""},"class_list":["post-596","page","type-page","status-publish","hentry","entry"],"_links":{"self":[{"href":"https:\/\/up-bla.be\/ophain-lillois\/wp-json\/wp\/v2\/pages\/596","targetHints":{"allow":["GET"]}}],"collection":[{"href":"https:\/\/up-bla.be\/ophain-lillois\/wp-json\/wp\/v2\/pages"}],"about":[{"href":"https:\/\/up-bla.be\/ophain-lillois\/wp-json\/wp\/v2\/types\/page"}],"author":[{"embeddable":true,"href":"https:\/\/up-bla.be\/ophain-lillois\/wp-json\/wp\/v2\/users\/6"}],"replies":[{"embeddable":true,"href":"https:\/\/up-bla.be\/ophain-lillois\/wp-json\/wp\/v2\/comments?post=596"}],"version-history":[{"count":7,"href":"https:\/\/up-bla.be\/ophain-lillois\/wp-json\/wp\/v2\/pages\/596\/revisions"}],"predecessor-version":[{"id":657,"href":"https:\/\/up-bla.be\/ophain-lillois\/wp-json\/wp\/v2\/pages\/596\/revisions\/657"}],"up":[{"embeddable":true,"href":"https:\/\/up-bla.be\/ophain-lillois\/wp-json\/wp\/v2\/pages\/590"}],"wp:attachment":[{"href":"https:\/\/up-bla.be\/ophain-lillois\/wp-json\/wp\/v2\/media?parent=596"}],"curies":[{"name":"wp","href":"https:\/\/api.w.org\/{rel}","templated":true}]}}