{"id":604,"date":"2021-05-26T18:32:35","date_gmt":"2021-05-26T16:32:35","guid":{"rendered":"https:\/\/up-bla.be\/?page_id=604"},"modified":"2021-05-27T18:47:54","modified_gmt":"2021-05-27T16:47:54","slug":"z_-confirmation","status":"publish","type":"page","link":"https:\/\/up-bla.be\/ophain-lillois\/z_-etapes-de-la-vie\/z_-confirmation\/","title":{"rendered":"Confirmation"},"content":{"rendered":"<p><img loading=\"lazy\" decoding=\"async\" class=\"size-medium wp-image-62 aligncenter\" src=\"http:\/\/up-bla.be\/wp-content\/old_ophain\/confirmation.jpg?w=300\" alt=\"\" width=\"300\" height=\"290\"><\/p>\n<p style=\"text-align:justify\">La confirmation accomplit le don du Bapt\u00eame. C\u2019est le sacrement qui donne l\u2019Esprit Saint pour nous enraciner plus profond\u00e9ment dans notre vie d\u2019enfant de Dieu, nous unir plus fermement au Christ, rendre plus solide notre lien \u00e0 l\u2019\u00c9glise, nous associer davantage \u00e0 sa mission et nous aider \u00e0 rendre t\u00e9moignage de la foi chr\u00e9tienne par nos paroles et nos actions.<\/p>\n<p style=\"text-align:justify\">Comme le bapt\u00eame, la confirmation imprime dans le chr\u00e9tien une marque ineffa\u00e7able. Ce sacrement ne peut donc \u00eatre re\u00e7u qu\u2019une seule fois.<\/p>\n<p style=\"text-align:justify\">C&rsquo;est \u00e0 l&rsquo;\u00e9v\u00eaque que revient de donner la confirmation ; il peut d\u00e9l\u00e9guer un pr\u00eatre sp\u00e9cialement \u00e0 cet effet.<\/p>\n","protected":false},"excerpt":{"rendered":"<p>La confirmation accomplit le don du Bapt\u00eame. C\u2019est le sacrement qui donne l\u2019Esprit Saint pour nous enraciner plus profond\u00e9ment dans notre vie d\u2019enfant de Dieu, nous unir plus fermement au Christ, rendre plus solide notre lien \u00e0 l\u2019\u00c9glise, nous associer davantage \u00e0 sa mission et nous aider \u00e0 rendre t\u00e9moignage de la foi chr\u00e9tienne par&hellip; <a class=\"more-link\" href=\"https:\/\/up-bla.be\/ophain-lillois\/z_-etapes-de-la-vie\/z_-confirmation\/\">Poursuivre la lecture <span class=\"screen-reader-text\">Confirmation<\/span><\/a><\/p>\n","protected":false},"author":6,"featured_media":0,"parent":590,"menu_order":2,"comment_status":"closed","ping_status":"closed","template":"tw-no-title.php","meta":{"footnotes":""},"class_list":["post-604","page","type-page","status-publish","hentry","entry"],"_links":{"self":[{"href":"https:\/\/up-bla.be\/ophain-lillois\/wp-json\/wp\/v2\/pages\/604","targetHints":{"allow":["GET"]}}],"collection":[{"href":"https:\/\/up-bla.be\/ophain-lillois\/wp-json\/wp\/v2\/pages"}],"about":[{"href":"https:\/\/up-bla.be\/ophain-lillois\/wp-json\/wp\/v2\/types\/page"}],"author":[{"embeddable":true,"href":"https:\/\/up-bla.be\/ophain-lillois\/wp-json\/wp\/v2\/users\/6"}],"replies":[{"embeddable":true,"href":"https:\/\/up-bla.be\/ophain-lillois\/wp-json\/wp\/v2\/comments?post=604"}],"version-history":[{"count":1,"href":"https:\/\/up-bla.be\/ophain-lillois\/wp-json\/wp\/v2\/pages\/604\/revisions"}],"predecessor-version":[{"id":629,"href":"https:\/\/up-bla.be\/ophain-lillois\/wp-json\/wp\/v2\/pages\/604\/revisions\/629"}],"up":[{"embeddable":true,"href":"https:\/\/up-bla.be\/ophain-lillois\/wp-json\/wp\/v2\/pages\/590"}],"wp:attachment":[{"href":"https:\/\/up-bla.be\/ophain-lillois\/wp-json\/wp\/v2\/media?parent=604"}],"curies":[{"name":"wp","href":"https:\/\/api.w.org\/{rel}","templated":true}]}}