{"id":616,"date":"2021-05-26T18:40:07","date_gmt":"2021-05-26T16:40:07","guid":{"rendered":"https:\/\/up-bla.be\/?page_id=616"},"modified":"2021-05-27T18:29:37","modified_gmt":"2021-05-27T16:29:37","slug":"z_-mariage","status":"publish","type":"page","link":"https:\/\/up-bla.be\/ophain-lillois\/z_-etapes-de-la-vie\/z_-mariage\/","title":{"rendered":"Mariage"},"content":{"rendered":"<p><img loading=\"lazy\" decoding=\"async\" class=\"size-medium wp-image-104 aligncenter\" src=\"http:\/\/up-bla.be\/wp-content\/old_ophain\/mariage-colombe.jpg?w=300\" alt=\"\" width=\"300\" height=\"296\"><\/p>\n<p style=\"text-align:center\"><strong>Vous souhaitez c\u00e9l\u00e9brer votre mariage dans notre \u00e9glise ?<br \/>\nNous en sommes heureux !<\/strong><\/p>\n<p style=\"text-align:justify\">Prenez un premier contact avec le secr\u00e9tariat de Sainte-Aldegonde pour bloquer une date, par t\u00e9l\u00e9phone ou par mail (voir la colonne de droite de ce site).<\/p>\n<p style=\"text-align:justify\">Ensuite t\u00e9l\u00e9chargez la fiche de demande d&rsquo;admission au mariage et remplissez-la: <a href=\"http:\/\/up-bla.be\/wp-content\/old_ophain\/fiche-de-demande-dadmission-au-mariage.pdf\">Fiche de demande d&rsquo;admission au mariage<\/a><br \/>\nEnsuite prenez contact aupr\u00e8s de notre secr\u00e9tariat par e-mail ou par t\u00e9l\u00e9phone pour fixer un rendez-vous.<\/p>\n<p style=\"text-align:justify\"><strong>Se pr\u00e9parer au sacrement du mariage chr\u00e9tien prend du temps, au moins <\/strong><strong>9 mois <\/strong><strong>de pr\u00e9paration : il importe de vous y prendre \u00e0 temps !<\/strong><\/p>\n<p style=\"text-align:justify\">Un chemin de r\u00e9flexion humaine et chr\u00e9tienne sur les fondements du mariage, de la vie de couple et de famille vous donnera de pouvoir creuser le projet qui vous habite.<\/p>\n<p style=\"text-align:justify\">Apr\u00e8s votre inscription au secr\u00e9tariat, vous serez contact\u00e9s pour une premi\u00e8re rencontre. Les \u00e9changes sont toujours faits en confidentialit\u00e9.<\/p>\n<p style=\"text-align:justify\"><strong>Le mariage chr\u00e9tien<\/strong><\/p>\n<p style=\"text-align:justify\">Le mariage entre un homme et une femme baptis\u00e9s, vivant de la foi chr\u00e9tienne, est un sacrement s\u2019il est d\u00e9cid\u00e9 librement, voulu comme unique et d\u00e9finitif, ouvert \u00e0 l\u2019accueil des enfants. Le sacrement du mariage donne aux \u00e9poux la gr\u00e2ce de renforcer et perfectionner leur amour, d\u2019affermir leur unit\u00e9 indissoluble et de se sanctifier dans leur vie familiale. Le mariage doit \u00eatre c\u00e9l\u00e9br\u00e9 publiquement par l\u2019\u00e9change des consentements : l\u2019engagement public et libre des \u00e9poux l\u2019un envers l\u2019autre. La c\u00e9l\u00e9bration se fait normalement devant l\u2019assembl\u00e9e chr\u00e9tienne, les t\u00e9moins et le cur\u00e9, ou un pr\u00eatre un diacre, d\u00e9l\u00e9gu\u00e9s par lui. Le c\u00e9l\u00e9brant appelle la b\u00e9n\u00e9diction de Dieu sur les \u00e9poux et leur foyer.<\/p>\n<p><strong>Le sacrement de mariage est un don de Dieu.<\/strong><\/p>\n<p>Quelques indications pour pr\u00e9parer la c\u00e9l\u00e9bration de votre mariage : <a href=\"http:\/\/up-bla.be\/wp-content\/old_ophain\/schema-de-cc3a9lc3a9bration.pdf\">Schema de c\u00e9l\u00e9bration<\/a><\/p>\n","protected":false},"excerpt":{"rendered":"<p>Vous souhaitez c\u00e9l\u00e9brer votre mariage dans notre \u00e9glise ? Nous en sommes heureux ! Prenez un premier contact avec le secr\u00e9tariat de Sainte-Aldegonde pour bloquer une date, par t\u00e9l\u00e9phone ou par mail (voir la colonne de droite de ce site). Ensuite t\u00e9l\u00e9chargez la fiche de demande d&rsquo;admission au mariage et remplissez-la: Fiche de demande d&rsquo;admission&hellip; <a class=\"more-link\" href=\"https:\/\/up-bla.be\/ophain-lillois\/z_-etapes-de-la-vie\/z_-mariage\/\">Poursuivre la lecture <span class=\"screen-reader-text\">Mariage<\/span><\/a><\/p>\n","protected":false},"author":6,"featured_media":0,"parent":590,"menu_order":4,"comment_status":"closed","ping_status":"closed","template":"","meta":{"footnotes":""},"class_list":["post-616","page","type-page","status-publish","hentry","entry"],"_links":{"self":[{"href":"https:\/\/up-bla.be\/ophain-lillois\/wp-json\/wp\/v2\/pages\/616","targetHints":{"allow":["GET"]}}],"collection":[{"href":"https:\/\/up-bla.be\/ophain-lillois\/wp-json\/wp\/v2\/pages"}],"about":[{"href":"https:\/\/up-bla.be\/ophain-lillois\/wp-json\/wp\/v2\/types\/page"}],"author":[{"embeddable":true,"href":"https:\/\/up-bla.be\/ophain-lillois\/wp-json\/wp\/v2\/users\/6"}],"replies":[{"embeddable":true,"href":"https:\/\/up-bla.be\/ophain-lillois\/wp-json\/wp\/v2\/comments?post=616"}],"version-history":[{"count":1,"href":"https:\/\/up-bla.be\/ophain-lillois\/wp-json\/wp\/v2\/pages\/616\/revisions"}],"predecessor-version":[{"id":631,"href":"https:\/\/up-bla.be\/ophain-lillois\/wp-json\/wp\/v2\/pages\/616\/revisions\/631"}],"up":[{"embeddable":true,"href":"https:\/\/up-bla.be\/ophain-lillois\/wp-json\/wp\/v2\/pages\/590"}],"wp:attachment":[{"href":"https:\/\/up-bla.be\/ophain-lillois\/wp-json\/wp\/v2\/media?parent=616"}],"curies":[{"name":"wp","href":"https:\/\/api.w.org\/{rel}","templated":true}]}}