{"id":620,"date":"2021-05-26T18:42:04","date_gmt":"2021-05-26T16:42:04","guid":{"rendered":"https:\/\/up-bla.be\/?page_id=620"},"modified":"2021-05-27T18:23:00","modified_gmt":"2021-05-27T16:23:00","slug":"z_-funerailles-chretiennes","status":"publish","type":"page","link":"https:\/\/up-bla.be\/ophain-lillois\/z_-etapes-de-la-vie\/z_-funerailles-chretiennes\/","title":{"rendered":"Fun\u00e9railles chr\u00e9tiennes"},"content":{"rendered":"<p>Le service rendu par la paroisse aux familles en deuil est d\u2019abord pastoral et humain. Le c\u00e9l\u00e9brant&nbsp;propose de&nbsp;rencontrer les familles endeuill\u00e9es et de les aider \u00e0 pr\u00e9parer la c\u00e9r\u00e9monie religieuse. Les&nbsp;rencontres se font sur base d&rsquo;une \u00e9coute attentive dans le respect des convictions de chacun et se passent \u00e0 la cure ou au domicile, c&rsquo;est selon&#8230;<\/p>\n<p><strong>Dans la pratique<\/strong> :<\/p>\n<ul>\n<li>les pompes fun\u00e8bres avertissent le secr\u00e9tariat paroissial,<\/li>\n<li>le pr\u00eatre re\u00e7oit les indications et propose \u00e0 la famille une rencontre.<br \/>\nLors de cette rencontre, le c\u00e9l\u00e9brant donne une r\u00e9flexion sur la liturgie et demande \u00e0 la famille un partage de vie sur le d\u00e9funt.<br \/>\nIl sera propos\u00e9 \u00e0 la famille un soutien spirituel et une aide dans la pr\u00e9paration de la liturgie des fun\u00e9railles.<\/li>\n<\/ul>\n<p>En effet, pour vous aider \u00e0 pr\u00e9parer cette rencontre, il vous est demand\u00e9 de remplir une fiche de d\u00e9c\u00e8s, de&nbsp;regarder la fiche de pr\u00e9paration&nbsp;et de choisir les textes bibliques en cliquant sur les liens suivants&nbsp;:<br \/>\n<a href=\"http:\/\/up-bla.be\/wp-content\/old_ophain\/fiche-de-dc3a9cc3a8s.pdf\" target=\"_blank\" rel=\"noopener\">Fiche de d\u00e9c\u00e8s<\/a><br \/>\n<a href=\"http:\/\/up-bla.be\/wp-content\/old_ophain\/fiche-de-prc3a9paration-1.pdf\" target=\"_blank\" rel=\"noopener\">Fiche de pr\u00e9paration<\/a><br \/>\n<a href=\"http:\/\/up-bla.be\/wp-content\/old_ophain\/lectures.pdf\" target=\"_blank\" rel=\"noopener\">Lectures<\/a><\/p>\n","protected":false},"excerpt":{"rendered":"<p>Le service rendu par la paroisse aux familles en deuil est d\u2019abord pastoral et humain. Le c\u00e9l\u00e9brant&nbsp;propose de&nbsp;rencontrer les familles endeuill\u00e9es et de les aider \u00e0 pr\u00e9parer la c\u00e9r\u00e9monie religieuse. Les&nbsp;rencontres se font sur base d&rsquo;une \u00e9coute attentive dans le respect des convictions de chacun et se passent \u00e0 la cure ou au domicile, c&rsquo;est&hellip; <a class=\"more-link\" href=\"https:\/\/up-bla.be\/ophain-lillois\/z_-etapes-de-la-vie\/z_-funerailles-chretiennes\/\">Poursuivre la lecture <span class=\"screen-reader-text\">Fun\u00e9railles chr\u00e9tiennes<\/span><\/a><\/p>\n","protected":false},"author":6,"featured_media":0,"parent":590,"menu_order":5,"comment_status":"closed","ping_status":"closed","template":"","meta":{"footnotes":""},"class_list":["post-620","page","type-page","status-publish","hentry","entry"],"_links":{"self":[{"href":"https:\/\/up-bla.be\/ophain-lillois\/wp-json\/wp\/v2\/pages\/620","targetHints":{"allow":["GET"]}}],"collection":[{"href":"https:\/\/up-bla.be\/ophain-lillois\/wp-json\/wp\/v2\/pages"}],"about":[{"href":"https:\/\/up-bla.be\/ophain-lillois\/wp-json\/wp\/v2\/types\/page"}],"author":[{"embeddable":true,"href":"https:\/\/up-bla.be\/ophain-lillois\/wp-json\/wp\/v2\/users\/6"}],"replies":[{"embeddable":true,"href":"https:\/\/up-bla.be\/ophain-lillois\/wp-json\/wp\/v2\/comments?post=620"}],"version-history":[{"count":1,"href":"https:\/\/up-bla.be\/ophain-lillois\/wp-json\/wp\/v2\/pages\/620\/revisions"}],"predecessor-version":[{"id":632,"href":"https:\/\/up-bla.be\/ophain-lillois\/wp-json\/wp\/v2\/pages\/620\/revisions\/632"}],"up":[{"embeddable":true,"href":"https:\/\/up-bla.be\/ophain-lillois\/wp-json\/wp\/v2\/pages\/590"}],"wp:attachment":[{"href":"https:\/\/up-bla.be\/ophain-lillois\/wp-json\/wp\/v2\/media?parent=620"}],"curies":[{"name":"wp","href":"https:\/\/api.w.org\/{rel}","templated":true}]}}